{"id":24,"date":"2020-07-13T10:47:55","date_gmt":"2020-07-13T08:47:55","guid":{"rendered":"http:\/\/www.clublotus.at\/wp\/?page_id=24"},"modified":"2020-07-13T10:56:28","modified_gmt":"2020-07-13T08:56:28","slug":"__trashed-5","status":"publish","type":"page","link":"http:\/\/www.clublotus.at\/wp\/__trashed-9\/__trashed-5\/","title":{"rendered":"25 Jahre Club Lotus Austria"},"content":{"rendered":"\n<figure class=\"wp-block-image\"><img src=\"http:\/\/www.clublotus.at\/cms\/wysiwyg_pictures\/25Jahre.jpg\" alt=\"\"\/><\/figure>\n\n\n\n<p>Wenn man Freude am sportlichen Autofahren hat und eine puristische Fahrmaschine sucht, landet man unweigerlich irgendwann bei Lotus. Alexander Korb&nbsp; gr\u00fcndete am 1. Juni 1989 den \u201dClub Lotus Austria\u201c offiziell. Lotusfans in ganz \u00d6sterreich wurden Beratung und Unterst\u00fctzung bei Ankauf, Verkauf, Reparatur und Ersatzteilbesorgung \u00fcber dasst\u00e4ndig wachsende Club-Netzwerk geboten. Grafenegg wurde zum Veranstaltungsort eines f\u00fcr alle Lotusfahrer offenen Markentreffens und fixer Bestandteil des Clubkalenders. Jedes Fr\u00fchjahr gab es ein Clubtreffen beim Heurigen, eine CLA-Abordnung beim Braunsberg-Rennen und im Herbst die legend\u00e4re \u201dFuchsjagd\u201c,1990 veranstaltete das Oldtimermuseum Stockerau eine Lotus-Ausstellung, &nbsp;Clubstand bei der Oldtimermesse in Tulln, ein Rundstreckenevent auf demWachau-Ring und es gab mehrere Ausfl\u00fcge nach England. Das neue Modell \u201dLotus Elise\u201c, das 1996 auf den Markt kam, zielte auf ein j\u00fcngeres Publikum und dadurch kam auch frisches Blut in den CLA. 1999 wurde das 10j\u00e4hrige Bestehendes Clubs gefeiert.<\/p>\n\n\n\n<p>Da Alex Korab im Laufe der Jahre \u00fcber fast alles informiert war, was mit Lotus zu tun hatte, blieben ihm auch die Aktivit\u00e4ten einer neuen Lotus-Gemeinde im Ausseerland nicht verborgen. Josef Loitzl, und seine Frau Angelika lernte Korab&nbsp; kurz nach der Jahrtausendwende pers\u00f6nlich kennen.<\/p>\n\n\n\n<p>Esergaben sich zun\u00e4chst nur einige wenige Ber\u00fchrungspunkte, allerdings noch keine Zusammenarbeit \u2013 doch das sollte sich \u00e4ndern. In der Lebensmitte angekommen,sah&nbsp; Korab sich zunehmend von zahlreichen privaten Besch\u00e4ftigungen und Verpflichtungen \u00fcberfordert da es&nbsp; nie eine Konkurrenz zwischen dem CLA in Wienund den Lotusfreunden in Bad Aussee gab, sah er es als&nbsp; sinnvoll, zukunftsweisend und an der Zeit,die beiden Gruppen zusammenzuf\u00fchren.<\/p>\n\n\n\n<p>Nach einer mehrw\u00f6chigen Bedenkzeit erkl\u00e4rte sich Josef Loitzl einverstanden und im Dezember 2006 \u00fcbergab Korab das Amt des Pr\u00e4sidenten mit Zustimmung der Generalversammlung an Josef Loitzl. Er hat diesen Schritt nie bereut und wurdeauch nicht entt\u00e4uscht.<\/p>\n\n\n\n<p>Die Leitung des Clubs ist in den Mittelpunkt \u00d6sterreichs gewandert, Josef Loitzl hat den Club voll Enthusiasmus \u00fcbernommen und weiterentwickelt. Josef&nbsp; konnte viele neue Mitglieder f\u00fcr den Club gewinnen, als Clublokal dient das Lotusmuseum in Bad Aussee, welches in den Jahren auf eine Gr\u00f6\u00dfe von 2.000 m\u00b2 angewachsen ist und es sind viele verschiedene Lotusexemplare zu bewundern.<\/p>\n\n\n\n<p>Zahlreiche Veranstaltungen des Club Lotus Austria z\u00e4hlen zu den Fixpunkten des Jahres, wie Jim Clark Revival, Lotus Retro in Hevis, Oldtimermesse Tulln, Internationales Lotustreffen, Lotus L\u00e4ndertreffen ( A, D, CH, I ) Ausfahrt in die Wachau, Ausfahrt Tschechien, Goisern, Classic, Sounds of Speed, Edelwei\u00df Bergpreis Ro\u00dffeld,Classic Expo Salzburg. Auch die Clubabende jeden 1. Samstag im Museum werden sehr gut besucht. Als besonderes Highlight des Jahres findet die Lotus Bergtrophy am Loser in Altaussee statt, wo mittlerweile mehr als 100 !! Lotus ins Ausseerland kommen .Kontakte zum Lotuswerk in England werden sehr eng gehalten und auch zu den verschiedenen Clubs und allen Lotusfahrern und Freunden, was zu den Hauptinteressen des CLUB LOTUS Austria z\u00e4hlt. Josef Loitzl ist in \u00d6sterreich und auch bei vielen Lotusfreunden als DER Lotusfachmann sehr bekannt und beliebt, egal ob es um einen Oldtimerlotus oder auch um einen neuen Lotus handelt. Unterst\u00fctzung findet er bei seiner Gattin Angelika, sowie bei einem Team an sehr engagierten Clubmitgliedern.<\/p>\n\n\n\n<p>Im Jahr 2014 feiert der Club Lotus Austria sein 25 j\u00e4hriges Bestehen mit zahlreichen Veranstaltungen und freut sich auf den Besuch aller Lotusfans.<\/p>\n\n\n\n<p>Josef Loitzl<\/p>\n\n\n\n<p>Pr\u00e4sident&nbsp;<\/p>\n","protected":false},"excerpt":{"rendered":"<p>Wenn man Freude am sportlichen Autofahren hat und eine puristische Fahrmaschine sucht, landet man unweigerlich irgendwann bei Lotus. Alexander Korb&nbsp; gr\u00fcndete am 1. Juni 1989 den \u201dClub Lotus Austria\u201c offiziell. &#8230;<\/p>\n","protected":false},"author":1,"featured_media":0,"parent":22,"menu_order":0,"comment_status":"closed","ping_status":"closed","template":"","meta":{"spay_email":""},"_links":{"self":[{"href":"http:\/\/www.clublotus.at\/wp\/wp-json\/wp\/v2\/pages\/24"}],"collection":[{"href":"http:\/\/www.clublotus.at\/wp\/wp-json\/wp\/v2\/pages"}],"about":[{"href":"http:\/\/www.clublotus.at\/wp\/wp-json\/wp\/v2\/types\/page"}],"author":[{"embeddable":true,"href":"http:\/\/www.clublotus.at\/wp\/wp-json\/wp\/v2\/users\/1"}],"replies":[{"embeddable":true,"href":"http:\/\/www.clublotus.at\/wp\/wp-json\/wp\/v2\/comments?post=24"}],"version-history":[{"count":0,"href":"http:\/\/www.clublotus.at\/wp\/wp-json\/wp\/v2\/pages\/24\/revisions"}],"up":[{"embeddable":true,"href":"http:\/\/www.clublotus.at\/wp\/wp-json\/wp\/v2\/pages\/22"}],"wp:attachment":[{"href":"http:\/\/www.clublotus.at\/wp\/wp-json\/wp\/v2\/media?parent=24"}],"curies":[{"name":"wp","href":"https:\/\/api.w.org\/{rel}","templated":true}]}}